{"id":9,"date":"2025-03-10T13:55:48","date_gmt":"2025-03-10T13:55:48","guid":{"rendered":"https:\/\/blockchain-dam.doceosoftware.com\/?page_id=9"},"modified":"2025-03-10T15:25:47","modified_gmt":"2025-03-10T15:25:47","slug":"blockchain-dam","status":"publish","type":"page","link":"https:\/\/blockchain-dam.doceosoftware.com\/","title":{"rendered":"blockchain-dam"},"content":{"rendered":"\t\t<div data-elementor-type=\"wp-page\" data-elementor-id=\"9\" class=\"elementor elementor-9\">\n\t\t\t\t\t\t<section class=\"elementor-section elementor-top-section elementor-element elementor-element-278a23be1 elementor-section-full_width elementor-section-height-default elementor-section-height-default\" data-id=\"278a23be1\" data-element_type=\"section\" data-e-type=\"section\" data-settings=\"{&quot;background_background&quot;:&quot;classic&quot;}\">\n\t\t\t\t\t\t<div class=\"elementor-container elementor-column-gap-default\">\n\t\t\t\t\t<div class=\"elementor-column elementor-col-33 elementor-top-column elementor-element elementor-element-7d321e8e\" data-id=\"7d321e8e\" data-element_type=\"column\" data-e-type=\"column\">\n\t\t\t<div class=\"elementor-widget-wrap elementor-element-populated\">\n\t\t\t\t\t\t<div class=\"elementor-element elementor-element-99db222 elementor-widget elementor-widget-image\" data-id=\"99db222\" data-element_type=\"widget\" data-e-type=\"widget\" data-widget_type=\"image.default\">\n\t\t\t\t<div class=\"elementor-widget-container\">\n\t\t\t\t\t\t\t\t\t\t\t\t\t\t\t<img fetchpriority=\"high\" decoding=\"async\" width=\"1024\" height=\"334\" src=\"https:\/\/blockchain-dam.doceosoftware.com\/wp-content\/uploads\/2025\/03\/cropped-blockchainDAM-allargat-2048x668-1-1024x334.png\" class=\"attachment-large size-large wp-image-12\" alt=\"\" srcset=\"https:\/\/blockchain-dam.doceosoftware.com\/wp-content\/uploads\/2025\/03\/cropped-blockchainDAM-allargat-2048x668-1-1024x334.png 1024w, https:\/\/blockchain-dam.doceosoftware.com\/wp-content\/uploads\/2025\/03\/cropped-blockchainDAM-allargat-2048x668-1-300x98.png 300w, https:\/\/blockchain-dam.doceosoftware.com\/wp-content\/uploads\/2025\/03\/cropped-blockchainDAM-allargat-2048x668-1-768x251.png 768w, https:\/\/blockchain-dam.doceosoftware.com\/wp-content\/uploads\/2025\/03\/cropped-blockchainDAM-allargat-2048x668-1-1536x501.png 1536w, https:\/\/blockchain-dam.doceosoftware.com\/wp-content\/uploads\/2025\/03\/cropped-blockchainDAM-allargat-2048x668-1.png 2048w\" sizes=\"(max-width: 1024px) 100vw, 1024px\" \/>\t\t\t\t\t\t\t\t\t\t\t\t\t\t\t<\/div>\n\t\t\t\t<\/div>\n\t\t\t\t\t<\/div>\n\t\t<\/div>\n\t\t\t\t<div class=\"elementor-column elementor-col-33 elementor-top-column elementor-element elementor-element-5496a46\" data-id=\"5496a46\" data-element_type=\"column\" data-e-type=\"column\">\n\t\t\t<div class=\"elementor-widget-wrap\">\n\t\t\t\t\t\t\t<\/div>\n\t\t<\/div>\n\t\t\t\t<div class=\"elementor-column elementor-col-33 elementor-top-column elementor-element elementor-element-3017e753 elementor-hidden-mobile\" data-id=\"3017e753\" data-element_type=\"column\" data-e-type=\"column\">\n\t\t\t<div class=\"elementor-widget-wrap elementor-element-populated\">\n\t\t\t\t\t\t<div class=\"elementor-element elementor-element-c6f57b9 elementor-button-info elementor-align-right elementor-widget elementor-widget-button\" data-id=\"c6f57b9\" data-element_type=\"widget\" data-e-type=\"widget\" data-widget_type=\"button.default\">\n\t\t\t\t<div class=\"elementor-widget-container\">\n\t\t\t\t\t\t\t\t\t<div class=\"elementor-button-wrapper\">\n\t\t\t\t\t<a class=\"elementor-button elementor-button-link elementor-size-sm\" href=\"#foms\">\n\t\t\t\t\t\t<span class=\"elementor-button-content-wrapper\">\n\t\t\t\t\t\t\t\t\t<span class=\"elementor-button-text\">Contacto<\/span>\n\t\t\t\t\t<\/span>\n\t\t\t\t\t<\/a>\n\t\t\t\t<\/div>\n\t\t\t\t\t\t\t\t<\/div>\n\t\t\t\t<\/div>\n\t\t\t\t\t<\/div>\n\t\t<\/div>\n\t\t\t\t\t<\/div>\n\t\t<\/section>\n\t\t<div class=\"elementor-element elementor-element-02683f8 e-grid e-con-full e-con e-parent\" data-id=\"02683f8\" data-element_type=\"container\" data-e-type=\"container\" data-settings=\"{&quot;background_background&quot;:&quot;classic&quot;}\">\n\t\t\t\t<div class=\"elementor-element elementor-element-5e13b4f elementor-widget__width-inherit elementor-widget elementor-widget-heading\" data-id=\"5e13b4f\" data-element_type=\"widget\" data-e-type=\"widget\" data-widget_type=\"heading.default\">\n\t\t\t\t<div class=\"elementor-widget-container\">\n\t\t\t\t\t<h1 class=\"elementor-heading-title elementor-size-default\">blockchain-dam: seguridad y trazabilidad para tu gesti\u00f3n digital<\/h1>\t\t\t\t<\/div>\n\t\t\t\t<\/div>\n\t\t<div class=\"elementor-element elementor-element-b4abd1b e-grid e-con-full e-con e-child\" data-id=\"b4abd1b\" data-element_type=\"container\" data-e-type=\"container\">\n\t\t\t\t<\/div>\n\t\t\t\t<\/div>\n\t\t<div class=\"elementor-element elementor-element-11370dd e-flex e-con-boxed e-con e-parent\" data-id=\"11370dd\" data-element_type=\"container\" data-e-type=\"container\">\n\t\t\t\t\t<div class=\"e-con-inner\">\n\t\t\t\t<div class=\"elementor-element elementor-element-7980acf elementor-widget elementor-widget-spacer\" data-id=\"7980acf\" data-element_type=\"widget\" data-e-type=\"widget\" data-widget_type=\"spacer.default\">\n\t\t\t\t<div class=\"elementor-widget-container\">\n\t\t\t\t\t\t\t<div class=\"elementor-spacer\">\n\t\t\t<div class=\"elementor-spacer-inner\"><\/div>\n\t\t<\/div>\n\t\t\t\t\t\t<\/div>\n\t\t\t\t<\/div>\n\t\t\t\t<div class=\"elementor-element elementor-element-d5efd7b elementor-widget elementor-widget-text-editor\" data-id=\"d5efd7b\" data-element_type=\"widget\" data-e-type=\"widget\" data-widget_type=\"text-editor.default\">\n\t\t\t\t<div class=\"elementor-widget-container\">\n\t\t\t\t\t\t\t\t\t<h3><strong>Hoy m\u00e1s que nunca, las empresas requieren de una soluci\u00f3n de gesti\u00f3n documental segura, f\u00e1cil y vers\u00e1til que reduzca el tiempo empleado en la b\u00fasqueda y que potencie el trabajo en equipo<\/strong><\/h3>\t\t\t\t\t\t\t\t<\/div>\n\t\t\t\t<\/div>\n\t\t\t\t<div class=\"elementor-element elementor-element-045c1af elementor-widget elementor-widget-text-editor\" data-id=\"045c1af\" data-element_type=\"widget\" data-e-type=\"widget\" data-widget_type=\"text-editor.default\">\n\t\t\t\t<div class=\"elementor-widget-container\">\n\t\t\t\t\t\t\t\t\t<p>blockchain-dam garantiza la integridad, trazabilidad y seguridad de tus archivos digitales mediante tecnolog\u00eda blockchain. Evita manipulaciones, asegura la propiedad y mejora la confianza en la gesti\u00f3n documental con un sistema descentralizado e inmutable.<\/p>\t\t\t\t\t\t\t\t<\/div>\n\t\t\t\t<\/div>\n\t\t\t\t<div class=\"elementor-element elementor-element-17e2e4e elementor-widget elementor-widget-spacer\" data-id=\"17e2e4e\" data-element_type=\"widget\" data-e-type=\"widget\" data-widget_type=\"spacer.default\">\n\t\t\t\t<div class=\"elementor-widget-container\">\n\t\t\t\t\t\t\t<div class=\"elementor-spacer\">\n\t\t\t<div class=\"elementor-spacer-inner\"><\/div>\n\t\t<\/div>\n\t\t\t\t\t\t<\/div>\n\t\t\t\t<\/div>\n\t\t\t\t\t<\/div>\n\t\t\t\t<\/div>\n\t\t<div class=\"elementor-element elementor-element-e32bad6 e-grid e-con-boxed e-con e-parent\" data-id=\"e32bad6\" data-element_type=\"container\" data-e-type=\"container\">\n\t\t\t\t\t<div class=\"e-con-inner\">\n\t\t\t\t<div class=\"elementor-element elementor-element-f585d86 elementor-widget elementor-widget-text-editor\" data-id=\"f585d86\" data-element_type=\"widget\" data-e-type=\"widget\" data-widget_type=\"text-editor.default\">\n\t\t\t\t<div class=\"elementor-widget-container\">\n\t\t\t\t\t\t\t\t\t<h3>Una aplicaci\u00f3n donde la localizaci\u00f3n de la informaci\u00f3n es inmediata.<\/h3>\t\t\t\t\t\t\t\t<\/div>\n\t\t\t\t<\/div>\n\t\t\t\t<div class=\"elementor-element elementor-element-b478db2 elementor-widget elementor-widget-image\" data-id=\"b478db2\" data-element_type=\"widget\" data-e-type=\"widget\" data-widget_type=\"image.default\">\n\t\t\t\t<div class=\"elementor-widget-container\">\n\t\t\t\t\t\t\t\t\t\t\t\t\t\t\t<img decoding=\"async\" width=\"294\" height=\"300\" src=\"https:\/\/blockchain-dam.doceosoftware.com\/wp-content\/uploads\/2025\/03\/Imatge01_BlockchainA-294x300.png\" class=\"attachment-medium size-medium wp-image-13\" alt=\"\" srcset=\"https:\/\/blockchain-dam.doceosoftware.com\/wp-content\/uploads\/2025\/03\/Imatge01_BlockchainA-294x300.png 294w, https:\/\/blockchain-dam.doceosoftware.com\/wp-content\/uploads\/2025\/03\/Imatge01_BlockchainA-1003x1024.png 1003w, https:\/\/blockchain-dam.doceosoftware.com\/wp-content\/uploads\/2025\/03\/Imatge01_BlockchainA-768x784.png 768w, https:\/\/blockchain-dam.doceosoftware.com\/wp-content\/uploads\/2025\/03\/Imatge01_BlockchainA.png 1013w\" sizes=\"(max-width: 294px) 100vw, 294px\" \/>\t\t\t\t\t\t\t\t\t\t\t\t\t\t\t<\/div>\n\t\t\t\t<\/div>\n\t\t\t\t\t<\/div>\n\t\t\t\t<\/div>\n\t\t<div class=\"elementor-element elementor-element-c2f399b e-grid e-con-boxed e-con e-parent\" data-id=\"c2f399b\" data-element_type=\"container\" data-e-type=\"container\">\n\t\t\t\t\t<div class=\"e-con-inner\">\n\t\t\t\t<div class=\"elementor-element elementor-element-4b84ad8 elementor-widget elementor-widget-text-editor\" data-id=\"4b84ad8\" data-element_type=\"widget\" data-e-type=\"widget\" data-widget_type=\"text-editor.default\">\n\t\t\t\t<div class=\"elementor-widget-container\">\n\t\t\t\t\t\t\t\t\t<h3>Control de versiones automatizado y eficaz.<\/h3>\t\t\t\t\t\t\t\t<\/div>\n\t\t\t\t<\/div>\n\t\t\t\t<div class=\"elementor-element elementor-element-d8c11ea elementor-widget elementor-widget-image\" data-id=\"d8c11ea\" data-element_type=\"widget\" data-e-type=\"widget\" data-widget_type=\"image.default\">\n\t\t\t\t<div class=\"elementor-widget-container\">\n\t\t\t\t\t\t\t\t\t\t\t\t\t\t\t<img decoding=\"async\" width=\"294\" height=\"300\" src=\"https:\/\/blockchain-dam.doceosoftware.com\/wp-content\/uploads\/2025\/03\/Imatge02_BlockchainA-294x300.png\" class=\"attachment-medium size-medium wp-image-14\" alt=\"\" srcset=\"https:\/\/blockchain-dam.doceosoftware.com\/wp-content\/uploads\/2025\/03\/Imatge02_BlockchainA-294x300.png 294w, https:\/\/blockchain-dam.doceosoftware.com\/wp-content\/uploads\/2025\/03\/Imatge02_BlockchainA-1002x1024.png 1002w, https:\/\/blockchain-dam.doceosoftware.com\/wp-content\/uploads\/2025\/03\/Imatge02_BlockchainA-768x785.png 768w, https:\/\/blockchain-dam.doceosoftware.com\/wp-content\/uploads\/2025\/03\/Imatge02_BlockchainA.png 1013w\" sizes=\"(max-width: 294px) 100vw, 294px\" \/>\t\t\t\t\t\t\t\t\t\t\t\t\t\t\t<\/div>\n\t\t\t\t<\/div>\n\t\t\t\t\t<\/div>\n\t\t\t\t<\/div>\n\t\t<div class=\"elementor-element elementor-element-736dd72 e-grid e-con-boxed e-con e-parent\" data-id=\"736dd72\" data-element_type=\"container\" data-e-type=\"container\">\n\t\t\t\t\t<div class=\"e-con-inner\">\n\t\t\t\t<div class=\"elementor-element elementor-element-0e0f0e2 elementor-widget elementor-widget-text-editor\" data-id=\"0e0f0e2\" data-element_type=\"widget\" data-e-type=\"widget\" data-widget_type=\"text-editor.default\">\n\t\t\t\t<div class=\"elementor-widget-container\">\n\t\t\t\t\t\t\t\t\t<h3>Verificaci\u00f3n segura de la validez documental y de edici\u00f3n, en la empresa y ante terceros.<\/h3>\t\t\t\t\t\t\t\t<\/div>\n\t\t\t\t<\/div>\n\t\t\t\t<div class=\"elementor-element elementor-element-27bc54b elementor-widget elementor-widget-image\" data-id=\"27bc54b\" data-element_type=\"widget\" data-e-type=\"widget\" data-widget_type=\"image.default\">\n\t\t\t\t<div class=\"elementor-widget-container\">\n\t\t\t\t\t\t\t\t\t\t\t\t\t\t\t<img loading=\"lazy\" decoding=\"async\" width=\"294\" height=\"300\" src=\"https:\/\/blockchain-dam.doceosoftware.com\/wp-content\/uploads\/2025\/03\/Imatge03_BlockchainA-294x300.png\" class=\"attachment-medium size-medium wp-image-15\" alt=\"\" srcset=\"https:\/\/blockchain-dam.doceosoftware.com\/wp-content\/uploads\/2025\/03\/Imatge03_BlockchainA-294x300.png 294w, https:\/\/blockchain-dam.doceosoftware.com\/wp-content\/uploads\/2025\/03\/Imatge03_BlockchainA-1002x1024.png 1002w, https:\/\/blockchain-dam.doceosoftware.com\/wp-content\/uploads\/2025\/03\/Imatge03_BlockchainA-768x785.png 768w, https:\/\/blockchain-dam.doceosoftware.com\/wp-content\/uploads\/2025\/03\/Imatge03_BlockchainA.png 1013w\" sizes=\"(max-width: 294px) 100vw, 294px\" \/>\t\t\t\t\t\t\t\t\t\t\t\t\t\t\t<\/div>\n\t\t\t\t<\/div>\n\t\t\t\t\t<\/div>\n\t\t\t\t<\/div>\n\t\t<div class=\"elementor-element elementor-element-d917508 e-grid e-con-boxed e-con e-parent\" data-id=\"d917508\" data-element_type=\"container\" data-e-type=\"container\">\n\t\t\t\t\t<div class=\"e-con-inner\">\n\t\t\t\t<div class=\"elementor-element elementor-element-d869d9e elementor-widget elementor-widget-text-editor\" data-id=\"d869d9e\" data-element_type=\"widget\" data-e-type=\"widget\" data-widget_type=\"text-editor.default\">\n\t\t\t\t<div class=\"elementor-widget-container\">\n\t\t\t\t\t\t\t\t\t<h3>Firma biom\u00e9trica validada sobre blockchain. Confidencialidad garantizada.<\/h3>\t\t\t\t\t\t\t\t<\/div>\n\t\t\t\t<\/div>\n\t\t\t\t<div class=\"elementor-element elementor-element-f1af03e elementor-widget elementor-widget-image\" data-id=\"f1af03e\" data-element_type=\"widget\" data-e-type=\"widget\" data-widget_type=\"image.default\">\n\t\t\t\t<div class=\"elementor-widget-container\">\n\t\t\t\t\t\t\t\t\t\t\t\t\t\t\t<img loading=\"lazy\" decoding=\"async\" width=\"294\" height=\"300\" src=\"https:\/\/blockchain-dam.doceosoftware.com\/wp-content\/uploads\/2025\/03\/Imatge04_BlockchainB-294x300.png\" class=\"attachment-medium size-medium wp-image-16\" alt=\"\" srcset=\"https:\/\/blockchain-dam.doceosoftware.com\/wp-content\/uploads\/2025\/03\/Imatge04_BlockchainB-294x300.png 294w, https:\/\/blockchain-dam.doceosoftware.com\/wp-content\/uploads\/2025\/03\/Imatge04_BlockchainB-1003x1024.png 1003w, https:\/\/blockchain-dam.doceosoftware.com\/wp-content\/uploads\/2025\/03\/Imatge04_BlockchainB-768x784.png 768w, https:\/\/blockchain-dam.doceosoftware.com\/wp-content\/uploads\/2025\/03\/Imatge04_BlockchainB-1504x1536.png 1504w, https:\/\/blockchain-dam.doceosoftware.com\/wp-content\/uploads\/2025\/03\/Imatge04_BlockchainB-2006x2048.png 2006w\" sizes=\"(max-width: 294px) 100vw, 294px\" \/>\t\t\t\t\t\t\t\t\t\t\t\t\t\t\t<\/div>\n\t\t\t\t<\/div>\n\t\t\t\t\t<\/div>\n\t\t\t\t<\/div>\n\t\t<div class=\"elementor-element elementor-element-66286d5 e-grid e-con-boxed e-con e-parent\" data-id=\"66286d5\" data-element_type=\"container\" data-e-type=\"container\">\n\t\t\t\t\t<div class=\"e-con-inner\">\n\t\t\t\t<div class=\"elementor-element elementor-element-3177a36 elementor-widget elementor-widget-text-editor\" data-id=\"3177a36\" data-element_type=\"widget\" data-e-type=\"widget\" data-widget_type=\"text-editor.default\">\n\t\t\t\t<div class=\"elementor-widget-container\">\n\t\t\t\t\t\t\t\t\t<h3>Gesti\u00f3n automatizada del flujo de trabajo.<\/h3>\t\t\t\t\t\t\t\t<\/div>\n\t\t\t\t<\/div>\n\t\t\t\t<div class=\"elementor-element elementor-element-d887051 elementor-widget elementor-widget-image\" data-id=\"d887051\" data-element_type=\"widget\" data-e-type=\"widget\" data-widget_type=\"image.default\">\n\t\t\t\t<div class=\"elementor-widget-container\">\n\t\t\t\t\t\t\t\t\t\t\t\t\t\t\t<img loading=\"lazy\" decoding=\"async\" width=\"294\" height=\"300\" src=\"https:\/\/blockchain-dam.doceosoftware.com\/wp-content\/uploads\/2025\/03\/Imatge05_BlockchainA-294x300.png\" class=\"attachment-medium size-medium wp-image-17\" alt=\"\" srcset=\"https:\/\/blockchain-dam.doceosoftware.com\/wp-content\/uploads\/2025\/03\/Imatge05_BlockchainA-294x300.png 294w, https:\/\/blockchain-dam.doceosoftware.com\/wp-content\/uploads\/2025\/03\/Imatge05_BlockchainA-1003x1024.png 1003w, https:\/\/blockchain-dam.doceosoftware.com\/wp-content\/uploads\/2025\/03\/Imatge05_BlockchainA-768x784.png 768w, https:\/\/blockchain-dam.doceosoftware.com\/wp-content\/uploads\/2025\/03\/Imatge05_BlockchainA-1504x1536.png 1504w, https:\/\/blockchain-dam.doceosoftware.com\/wp-content\/uploads\/2025\/03\/Imatge05_BlockchainA-2006x2048.png 2006w\" sizes=\"(max-width: 294px) 100vw, 294px\" \/>\t\t\t\t\t\t\t\t\t\t\t\t\t\t\t<\/div>\n\t\t\t\t<\/div>\n\t\t\t\t\t<\/div>\n\t\t\t\t<\/div>\n\t\t<div class=\"elementor-element elementor-element-19db49e e-grid e-con-boxed e-con e-parent\" data-id=\"19db49e\" data-element_type=\"container\" data-e-type=\"container\">\n\t\t\t\t\t<div class=\"e-con-inner\">\n\t\t\t\t<div class=\"elementor-element elementor-element-4d859e6 elementor-widget elementor-widget-text-editor\" data-id=\"4d859e6\" data-element_type=\"widget\" data-e-type=\"widget\" data-widget_type=\"text-editor.default\">\n\t\t\t\t<div class=\"elementor-widget-container\">\n\t\t\t\t\t\t\t\t\t<p>El almacenamiento m\u00e1s seguro y confiable del mercado, dise\u00f1ado para perdurar a lo largo de los a\u00f1os.<\/p>\t\t\t\t\t\t\t\t<\/div>\n\t\t\t\t<\/div>\n\t\t\t\t<div class=\"elementor-element elementor-element-10b3b68 elementor-widget elementor-widget-image\" data-id=\"10b3b68\" data-element_type=\"widget\" data-e-type=\"widget\" data-widget_type=\"image.default\">\n\t\t\t\t<div class=\"elementor-widget-container\">\n\t\t\t\t\t\t\t\t\t\t\t\t\t\t\t<img loading=\"lazy\" decoding=\"async\" width=\"294\" height=\"300\" src=\"https:\/\/blockchain-dam.doceosoftware.com\/wp-content\/uploads\/2025\/03\/Imatge07_BlockchainA-294x300.png\" class=\"attachment-medium size-medium wp-image-18\" alt=\"\" srcset=\"https:\/\/blockchain-dam.doceosoftware.com\/wp-content\/uploads\/2025\/03\/Imatge07_BlockchainA-294x300.png 294w, https:\/\/blockchain-dam.doceosoftware.com\/wp-content\/uploads\/2025\/03\/Imatge07_BlockchainA-1003x1024.png 1003w, https:\/\/blockchain-dam.doceosoftware.com\/wp-content\/uploads\/2025\/03\/Imatge07_BlockchainA-768x784.png 768w, https:\/\/blockchain-dam.doceosoftware.com\/wp-content\/uploads\/2025\/03\/Imatge07_BlockchainA-1504x1536.png 1504w, https:\/\/blockchain-dam.doceosoftware.com\/wp-content\/uploads\/2025\/03\/Imatge07_BlockchainA-2006x2048.png 2006w\" sizes=\"(max-width: 294px) 100vw, 294px\" \/>\t\t\t\t\t\t\t\t\t\t\t\t\t\t\t<\/div>\n\t\t\t\t<\/div>\n\t\t\t\t\t<\/div>\n\t\t\t\t<\/div>\n\t\t<div class=\"elementor-element elementor-element-6216b0f e-grid e-con-boxed e-con e-parent\" data-id=\"6216b0f\" data-element_type=\"container\" data-e-type=\"container\" data-settings=\"{&quot;background_background&quot;:&quot;classic&quot;}\">\n\t\t\t\t\t<div class=\"e-con-inner\">\n\t\t\t\t<div class=\"elementor-element elementor-element-f960525 elementor-widget elementor-widget-shortcode\" data-id=\"f960525\" data-element_type=\"widget\" data-e-type=\"widget\" data-widget_type=\"shortcode.default\">\n\t\t\t\t<div class=\"elementor-widget-container\">\n\t\t\t\t\t\t\t<div class=\"elementor-shortcode\">\n<div class=\"wpcf7 no-js\" id=\"wpcf7-f4-o1\" lang=\"es-ES\" dir=\"ltr\" data-wpcf7-id=\"4\">\n<div class=\"screen-reader-response\"><p role=\"status\" aria-live=\"polite\" aria-atomic=\"true\"><\/p> <ul><\/ul><\/div>\n<form action=\"\/index.php?rest_route=%2Fwp%2Fv2%2Fpages%2F9#wpcf7-f4-o1\" method=\"post\" class=\"wpcf7-form init\" aria-label=\"Formulario de contacto\" novalidate=\"novalidate\" data-status=\"init\">\n<fieldset class=\"hidden-fields-container\"><input type=\"hidden\" name=\"_wpcf7\" value=\"4\" \/><input type=\"hidden\" name=\"_wpcf7_version\" value=\"6.1.5\" \/><input type=\"hidden\" name=\"_wpcf7_locale\" value=\"es_ES\" \/><input type=\"hidden\" name=\"_wpcf7_unit_tag\" value=\"wpcf7-f4-o1\" \/><input type=\"hidden\" name=\"_wpcf7_container_post\" value=\"0\" \/><input type=\"hidden\" name=\"_wpcf7_posted_data_hash\" value=\"\" \/>\n<\/fieldset>\n<p><label> Tu nombre<br \/>\n<span class=\"wpcf7-form-control-wrap\" data-name=\"your-name\"><input size=\"40\" maxlength=\"400\" class=\"wpcf7-form-control wpcf7-text wpcf7-validates-as-required\" autocomplete=\"name\" aria-required=\"true\" aria-invalid=\"false\" value=\"\" type=\"text\" name=\"your-name\" \/><\/span> <\/label>\n<\/p>\n<p><label> Tu correo electr\u00f3nico<br \/>\n<span class=\"wpcf7-form-control-wrap\" data-name=\"your-email\"><input size=\"40\" maxlength=\"400\" class=\"wpcf7-form-control wpcf7-email wpcf7-validates-as-required wpcf7-text wpcf7-validates-as-email\" autocomplete=\"email\" aria-required=\"true\" aria-invalid=\"false\" value=\"\" type=\"email\" name=\"your-email\" \/><\/span> <\/label>\n<\/p>\n<p><label> Asunto<br \/>\n<span class=\"wpcf7-form-control-wrap\" data-name=\"your-subject\"><input size=\"40\" maxlength=\"400\" class=\"wpcf7-form-control wpcf7-text wpcf7-validates-as-required\" aria-required=\"true\" aria-invalid=\"false\" value=\"\" type=\"text\" name=\"your-subject\" \/><\/span> <\/label>\n<\/p>\n<p><label> Tu mensaje (opcional)<br \/>\n<span class=\"wpcf7-form-control-wrap\" data-name=\"your-message\"><textarea cols=\"40\" rows=\"10\" maxlength=\"2000\" class=\"wpcf7-form-control wpcf7-textarea\" aria-invalid=\"false\" name=\"your-message\"><\/textarea><\/span> <\/label>\n<\/p>\n<p><input class=\"wpcf7-form-control wpcf7-submit has-spinner\" type=\"submit\" value=\"Enviar\" \/>\n<\/p><p style=\"display: none !important;\" class=\"akismet-fields-container\" data-prefix=\"_wpcf7_ak_\"><label>&#916;<textarea name=\"_wpcf7_ak_hp_textarea\" cols=\"45\" rows=\"8\" maxlength=\"100\"><\/textarea><\/label><input type=\"hidden\" id=\"ak_js_1\" name=\"_wpcf7_ak_js\" value=\"111\"\/><script>\ndocument.getElementById( \"ak_js_1\" ).setAttribute( \"value\", ( new Date() ).getTime() );\n<\/script>\n<\/p><div class=\"wpcf7-response-output\" aria-hidden=\"true\"><\/div>\n<\/form>\n<\/div>\n<\/div>\n\t\t\t\t\t\t<\/div>\n\t\t\t\t<\/div>\n\t\t\t\t<div class=\"elementor-element elementor-element-59424f4 elementor-widget elementor-widget-menu-anchor\" data-id=\"59424f4\" data-element_type=\"widget\" data-e-type=\"widget\" data-widget_type=\"menu-anchor.default\">\n\t\t\t\t<div class=\"elementor-widget-container\">\n\t\t\t\t\t\t\t<div class=\"elementor-menu-anchor\" id=\"foms\"><\/div>\n\t\t\t\t\t\t<\/div>\n\t\t\t\t<\/div>\n\t\t\t\t\t<\/div>\n\t\t\t\t<\/div>\n\t\t\t\t<section class=\"elementor-section elementor-top-section elementor-element elementor-element-31322d6d1 elementor-section-boxed elementor-section-height-default elementor-section-height-default\" data-id=\"31322d6d1\" data-element_type=\"section\" data-e-type=\"section\" data-settings=\"{&quot;background_background&quot;:&quot;classic&quot;}\">\n\t\t\t\t\t\t<div class=\"elementor-container elementor-column-gap-default\">\n\t\t\t\t\t<div class=\"elementor-column elementor-col-100 elementor-top-column elementor-element elementor-element-1df40681\" data-id=\"1df40681\" data-element_type=\"column\" data-e-type=\"column\">\n\t\t\t<div class=\"elementor-widget-wrap elementor-element-populated\">\n\t\t\t\t\t\t<div class=\"elementor-element elementor-element-f79dbe1 elementor-widget-divider--view-line elementor-widget elementor-widget-divider\" data-id=\"f79dbe1\" data-element_type=\"widget\" data-e-type=\"widget\" data-widget_type=\"divider.default\">\n\t\t\t\t<div class=\"elementor-widget-container\">\n\t\t\t\t\t\t\t<div class=\"elementor-divider\">\n\t\t\t<span class=\"elementor-divider-separator\">\n\t\t\t\t\t\t<\/span>\n\t\t<\/div>\n\t\t\t\t\t\t<\/div>\n\t\t\t\t<\/div>\n\t\t\t\t<div class=\"elementor-element elementor-element-6b804f9 elementor-widget elementor-widget-spacer\" data-id=\"6b804f9\" data-element_type=\"widget\" data-e-type=\"widget\" data-widget_type=\"spacer.default\">\n\t\t\t\t<div class=\"elementor-widget-container\">\n\t\t\t\t\t\t\t<div class=\"elementor-spacer\">\n\t\t\t<div class=\"elementor-spacer-inner\"><\/div>\n\t\t<\/div>\n\t\t\t\t\t\t<\/div>\n\t\t\t\t<\/div>\n\t\t\t\t<div class=\"elementor-element elementor-element-17cf49b1 elementor-widget elementor-widget-text-editor\" data-id=\"17cf49b1\" data-element_type=\"widget\" data-e-type=\"widget\" data-widget_type=\"text-editor.default\">\n\t\t\t\t<div class=\"elementor-widget-container\">\n\t\t\t\t\t\t\t\t\t<p>\u00a9 2025 BLOCKCHAIN-DAM<\/p>\t\t\t\t\t\t\t\t<\/div>\n\t\t\t\t<\/div>\n\t\t\t\t\t<\/div>\n\t\t<\/div>\n\t\t\t\t\t<\/div>\n\t\t<\/section>\n\t\t\t\t<section class=\"elementor-section elementor-top-section elementor-element elementor-element-61cd6f1a elementor-section-boxed elementor-section-height-default elementor-section-height-default\" data-id=\"61cd6f1a\" data-element_type=\"section\" data-e-type=\"section\">\n\t\t\t\t\t\t<div class=\"elementor-container elementor-column-gap-no\">\n\t\t\t\t\t<div class=\"elementor-column elementor-col-100 elementor-top-column elementor-element elementor-element-392d83f6\" data-id=\"392d83f6\" data-element_type=\"column\" data-e-type=\"column\">\n\t\t\t<div class=\"elementor-widget-wrap\">\n\t\t\t\t\t\t\t<\/div>\n\t\t<\/div>\n\t\t\t\t\t<\/div>\n\t\t<\/section>\n\t\t\t\t<section class=\"elementor-section elementor-top-section elementor-element elementor-element-560c7b5f elementor-section-boxed elementor-section-height-default elementor-section-height-default\" data-id=\"560c7b5f\" data-element_type=\"section\" data-e-type=\"section\">\n\t\t\t\t\t\t<div class=\"elementor-container elementor-column-gap-no\">\n\t\t\t\t\t<div class=\"elementor-column elementor-col-100 elementor-top-column elementor-element elementor-element-47d7cff5\" data-id=\"47d7cff5\" data-element_type=\"column\" data-e-type=\"column\">\n\t\t\t<div class=\"elementor-widget-wrap\">\n\t\t\t\t\t\t\t<\/div>\n\t\t<\/div>\n\t\t\t\t\t<\/div>\n\t\t<\/section>\n\t\t\t\t<\/div>\n\t\t","protected":false},"excerpt":{"rendered":"<p>Contacto blockchain-dam: seguridad y trazabilidad para tu gesti\u00f3n digital Hoy m\u00e1s que nunca, las empresas requieren de una soluci\u00f3n de gesti\u00f3n documental segura, f\u00e1cil y vers\u00e1til que reduzca el tiempo empleado en la b\u00fasqueda y que potencie el trabajo en equipo blockchain-dam garantiza la integridad, trazabilidad y seguridad de tus archivos digitales mediante tecnolog\u00eda blockchain. [&hellip;]<\/p>\n","protected":false},"author":1,"featured_media":19,"parent":0,"menu_order":0,"comment_status":"closed","ping_status":"closed","template":"elementor_canvas","meta":{"footnotes":""},"class_list":["post-9","page","type-page","status-publish","has-post-thumbnail","hentry"],"_links":{"self":[{"href":"https:\/\/blockchain-dam.doceosoftware.com\/index.php?rest_route=\/wp\/v2\/pages\/9","targetHints":{"allow":["GET"]}}],"collection":[{"href":"https:\/\/blockchain-dam.doceosoftware.com\/index.php?rest_route=\/wp\/v2\/pages"}],"about":[{"href":"https:\/\/blockchain-dam.doceosoftware.com\/index.php?rest_route=\/wp\/v2\/types\/page"}],"author":[{"embeddable":true,"href":"https:\/\/blockchain-dam.doceosoftware.com\/index.php?rest_route=\/wp\/v2\/users\/1"}],"replies":[{"embeddable":true,"href":"https:\/\/blockchain-dam.doceosoftware.com\/index.php?rest_route=%2Fwp%2Fv2%2Fcomments&post=9"}],"version-history":[{"count":64,"href":"https:\/\/blockchain-dam.doceosoftware.com\/index.php?rest_route=\/wp\/v2\/pages\/9\/revisions"}],"predecessor-version":[{"id":104,"href":"https:\/\/blockchain-dam.doceosoftware.com\/index.php?rest_route=\/wp\/v2\/pages\/9\/revisions\/104"}],"wp:featuredmedia":[{"embeddable":true,"href":"https:\/\/blockchain-dam.doceosoftware.com\/index.php?rest_route=\/wp\/v2\/media\/19"}],"wp:attachment":[{"href":"https:\/\/blockchain-dam.doceosoftware.com\/index.php?rest_route=%2Fwp%2Fv2%2Fmedia&parent=9"}],"curies":[{"name":"wp","href":"https:\/\/api.w.org\/{rel}","templated":true}]}}